{"id":392,"date":"2018-06-15T10:58:46","date_gmt":"2018-06-15T10:58:46","guid":{"rendered":"http:\/\/wellexpo.select-themes.com\/?page_id=392"},"modified":"2024-07-09T10:29:18","modified_gmt":"2024-07-09T08:29:18","slug":"venue-info","status":"publish","type":"page","link":"https:\/\/wlhealthcare.com\/?page_id=392","title":{"rendered":"El lugar de encuentro"},"content":{"rendered":"<div class=\"wpb-content-wrapper\"><p>[vc_row][vc_column offset=\u00bbvc_col-sm-offset-0&#8243;][vc_row_inner row_content_width=\u00bbgrid\u00bb css=\u00bb.vc_custom_1530192302769{padding-top: 120px !important;padding-bottom: 61px !important;}\u00bb][vc_column_inner width=\u00bb2\/3&#8243; offset=\u00bbvc_col-lg-offset-0 vc_col-lg-4 vc_col-md-offset-0 vc_col-md-4 vc_col-sm-offset-2 vc_col-xs-12&#8243;]<div class=\"qodef-elements-holder   qodef-one-column  qodef-responsive-mode-768 \" ><div class=\"qodef-eh-item     \" data-item-class=\"qodef-eh-custom-3572\">\n\t\t<div class=\"qodef-eh-item-inner\">\n\t\t<div class=\"qodef-eh-item-content qodef-eh-custom-3572\" >\n\t\t\t<div class=\"qodef-iwt clearfix  qodef-iwt-icon-top qodef-iwt-icon-medium\">\n\t<div class=\"qodef-iwt-icon\" >\n\t\t\t\t\t<span class=\"qodef-iwt-bg-svg\">\n\t\t\t\t<svg xmlns=\"http:\/\/www.w3.org\/2000\/svg\" xmlns:xlink=\"http:\/\/www.w3.org\/1999\/xlink\" x=\"0px\" y=\"0px\" width=\"140px\" height=\"140px\" viewBox=\"0 0 140 140\" enable-background=\"new 0 0 140 140\" xml:space=\"preserve\">\n\t\t\t\t\t<g>\n\t\t\t\t\t\t<circle fill=\"#BDBDBD\" cx=\"2.1\" cy=\"2.5\" r=\"1.5\"\/>\n\t\t\t\t\t\t<circle fill=\"#BDBDBD\" cx=\"47.3\" cy=\"2.5\" r=\"1.5\"\/>\n\t\t\t\t\t\t<circle fill=\"#BDBDBD\" cx=\"92.5\" cy=\"2.5\" r=\"1.5\"\/>\n\t\t\t\t\t\t<circle fill=\"#BDBDBD\" cx=\"137.8\" cy=\"2.5\" r=\"1.5\"\/>\n\t\t\t\t\t\t<circle fill=\"#BDBDBD\" cx=\"2.1\" cy=\"47.3\" r=\"1.5\"\/>\n\t\t\t\t\t\t<circle fill=\"#BDBDBD\" cx=\"47.3\" cy=\"47.3\" r=\"1.5\"\/>\n\t\t\t\t\t\t<circle fill=\"#BDBDBD\" cx=\"92.5\" cy=\"47.3\" r=\"1.5\"\/>\n\t\t\t\t\t\t<circle fill=\"#BDBDBD\" cx=\"137.8\" cy=\"47.3\" r=\"1.5\"\/>\n\t\t\t\t\t\t<circle fill=\"#BDBDBD\" cx=\"2.1\" cy=\"93.2\" r=\"1.5\"\/>\n\t\t\t\t\t\t<circle fill=\"#BDBDBD\" cx=\"47.3\" cy=\"93.2\" r=\"1.5\"\/>\n\t\t\t\t\t\t<circle fill=\"#BDBDBD\" cx=\"92.5\" cy=\"93.2\" r=\"1.5\"\/>\n\t\t\t\t\t\t<circle fill=\"#BDBDBD\" cx=\"137.8\" cy=\"93.2\" r=\"1.5\"\/>\n\t\t\t\t\t\t<circle fill=\"#BDBDBD\" cx=\"2.1\" cy=\"137.5\" r=\"1.5\"\/>\n\t\t\t\t\t\t<circle fill=\"#BDBDBD\" cx=\"47.3\" cy=\"137.5\" r=\"1.5\"\/>\n\t\t\t\t\t\t<circle fill=\"#BDBDBD\" cx=\"92.5\" cy=\"137.5\" r=\"1.5\"\/>\n\t\t\t\t\t\t<circle fill=\"#BDBDBD\" cx=\"137.8\" cy=\"137.5\" r=\"1.5\"\/>\n\t\t\t\t\t<\/g>\n\t\t\t\t<\/svg>\t\t\t<\/span>\n\t\t\t\t\t\t\t<a itemprop=\"url\" href=\"https:\/\/www.elcomo.es\/espacio-como\/como94\" target=\"_blank\">\n\t\t\t\t\t\t\t\t\t<img loading=\"lazy\" decoding=\"async\" width=\"65\" height=\"65\" src=\"https:\/\/wlhealthcare.com\/wp-content\/uploads\/2018\/06\/venue-info-icon-1.jpg\" class=\"attachment-full size-full\" alt=\"d\" \/>\t\t\t\t\t\t\t\t<\/a>\n\t\t\t<\/div>\n\t<div class=\"qodef-iwt-content\" >\n\t\t\t\t\t<h4 class=\"qodef-iwt-title\" >\n\t\t\t\t\t\t\t\t\t<a itemprop=\"url\" href=\"https:\/\/www.elcomo.es\/espacio-como\/como94\" target=\"_blank\">\n\t\t\t\t\t\t\t\t<span class=\"qodef-iwt-title-text\">Espac\u00edo C\u00d3MO<\/span>\n\t\t\t\t\t\t\t\t\t<\/a>\n\t\t\t\t\t\t\t<\/h4>\n\t\t\t\t\t\t\t<p class=\"qodef-iwt-text\" >En pleno centro de Madrid y de f\u00e1cil acceso. Castellana 94, Madrid.<\/p>\n\t\t\t<\/div>\n<\/div>[vc_empty_space height=\u00bb50px\u00bb]\t\t<\/div>\n\t<\/div>\n\t<\/div><\/div>[\/vc_column_inner][vc_column_inner width=\u00bb2\/3&#8243; offset=\u00bbvc_col-lg-offset-0 vc_col-lg-4 vc_col-md-offset-0 vc_col-md-4 vc_col-sm-offset-2 vc_col-xs-12&#8243;]<div class=\"qodef-elements-holder   qodef-one-column  qodef-responsive-mode-768 \" ><div class=\"qodef-eh-item     \" data-item-class=\"qodef-eh-custom-9783\">\n\t\t<div class=\"qodef-eh-item-inner\">\n\t\t<div class=\"qodef-eh-item-content qodef-eh-custom-9783\" >\n\t\t\t<div class=\"qodef-iwt clearfix  qodef-iwt-icon-top qodef-iwt-icon-medium\">\n\t<div class=\"qodef-iwt-icon\" >\n\t\t\t\t\t<span class=\"qodef-iwt-bg-svg\">\n\t\t\t\t<svg xmlns=\"http:\/\/www.w3.org\/2000\/svg\" xmlns:xlink=\"http:\/\/www.w3.org\/1999\/xlink\" x=\"0px\" y=\"0px\" width=\"140px\" height=\"140px\" viewBox=\"0 0 140 140\" enable-background=\"new 0 0 140 140\" xml:space=\"preserve\">\n\t\t\t\t\t<g>\n\t\t\t\t\t\t<circle fill=\"#BDBDBD\" cx=\"2.1\" cy=\"2.5\" r=\"1.5\"\/>\n\t\t\t\t\t\t<circle fill=\"#BDBDBD\" cx=\"47.3\" cy=\"2.5\" r=\"1.5\"\/>\n\t\t\t\t\t\t<circle fill=\"#BDBDBD\" cx=\"92.5\" cy=\"2.5\" r=\"1.5\"\/>\n\t\t\t\t\t\t<circle fill=\"#BDBDBD\" cx=\"137.8\" cy=\"2.5\" r=\"1.5\"\/>\n\t\t\t\t\t\t<circle fill=\"#BDBDBD\" cx=\"2.1\" cy=\"47.3\" r=\"1.5\"\/>\n\t\t\t\t\t\t<circle fill=\"#BDBDBD\" cx=\"47.3\" cy=\"47.3\" r=\"1.5\"\/>\n\t\t\t\t\t\t<circle fill=\"#BDBDBD\" cx=\"92.5\" cy=\"47.3\" r=\"1.5\"\/>\n\t\t\t\t\t\t<circle fill=\"#BDBDBD\" cx=\"137.8\" cy=\"47.3\" r=\"1.5\"\/>\n\t\t\t\t\t\t<circle fill=\"#BDBDBD\" cx=\"2.1\" cy=\"93.2\" r=\"1.5\"\/>\n\t\t\t\t\t\t<circle fill=\"#BDBDBD\" cx=\"47.3\" cy=\"93.2\" r=\"1.5\"\/>\n\t\t\t\t\t\t<circle fill=\"#BDBDBD\" cx=\"92.5\" cy=\"93.2\" r=\"1.5\"\/>\n\t\t\t\t\t\t<circle fill=\"#BDBDBD\" cx=\"137.8\" cy=\"93.2\" r=\"1.5\"\/>\n\t\t\t\t\t\t<circle fill=\"#BDBDBD\" cx=\"2.1\" cy=\"137.5\" r=\"1.5\"\/>\n\t\t\t\t\t\t<circle fill=\"#BDBDBD\" cx=\"47.3\" cy=\"137.5\" r=\"1.5\"\/>\n\t\t\t\t\t\t<circle fill=\"#BDBDBD\" cx=\"92.5\" cy=\"137.5\" r=\"1.5\"\/>\n\t\t\t\t\t\t<circle fill=\"#BDBDBD\" cx=\"137.8\" cy=\"137.5\" r=\"1.5\"\/>\n\t\t\t\t\t<\/g>\n\t\t\t\t<\/svg>\t\t\t<\/span>\n\t\t\t\t\t\t\t\t\t\t\t<img loading=\"lazy\" decoding=\"async\" width=\"65\" height=\"65\" src=\"https:\/\/wlhealthcare.com\/wp-content\/uploads\/2018\/06\/venue-info-icon-2.jpg\" class=\"attachment-full size-full\" alt=\"d\" \/>\t\t\t\t\t\t<\/div>\n\t<div class=\"qodef-iwt-content\" >\n\t\t\t\t\t<h4 class=\"qodef-iwt-title\" >\n\t\t\t\t\t\t\t\t<span class=\"qodef-iwt-title-text\">``Todo depende del C\u00d3MO``<\/span>\n\t\t\t\t\t\t\t<\/h4>\n\t\t\t\t\t\t\t<p class=\"qodef-iwt-text\" >Un espacio abierto a dialogo, debate, sinergias y a buscar el \u00bfC\u00f3mo?<\/p>\n\t\t\t<\/div>\n<\/div>[vc_empty_space height=\u00bb50px\u00bb]\t\t<\/div>\n\t<\/div>\n\t<\/div><\/div>[\/vc_column_inner][vc_column_inner width=\u00bb2\/3&#8243; offset=\u00bbvc_col-lg-offset-0 vc_col-lg-4 vc_col-md-offset-0 vc_col-md-4 vc_col-sm-offset-2 vc_col-xs-12&#8243;]<div class=\"qodef-elements-holder   qodef-one-column  qodef-responsive-mode-768 \" ><div class=\"qodef-eh-item     \" data-item-class=\"qodef-eh-custom-7130\">\n\t\t<div class=\"qodef-eh-item-inner\">\n\t\t<div class=\"qodef-eh-item-content qodef-eh-custom-7130\" >\n\t\t\t<div class=\"qodef-iwt clearfix  qodef-iwt-icon-top qodef-iwt-icon-medium\">\n\t<div class=\"qodef-iwt-icon\" >\n\t\t\t\t\t<span class=\"qodef-iwt-bg-svg\">\n\t\t\t\t<svg xmlns=\"http:\/\/www.w3.org\/2000\/svg\" xmlns:xlink=\"http:\/\/www.w3.org\/1999\/xlink\" x=\"0px\" y=\"0px\" width=\"140px\" height=\"140px\" viewBox=\"0 0 140 140\" enable-background=\"new 0 0 140 140\" xml:space=\"preserve\">\n\t\t\t\t\t<g>\n\t\t\t\t\t\t<circle fill=\"#BDBDBD\" cx=\"2.1\" cy=\"2.5\" r=\"1.5\"\/>\n\t\t\t\t\t\t<circle fill=\"#BDBDBD\" cx=\"47.3\" cy=\"2.5\" r=\"1.5\"\/>\n\t\t\t\t\t\t<circle fill=\"#BDBDBD\" cx=\"92.5\" cy=\"2.5\" r=\"1.5\"\/>\n\t\t\t\t\t\t<circle fill=\"#BDBDBD\" cx=\"137.8\" cy=\"2.5\" r=\"1.5\"\/>\n\t\t\t\t\t\t<circle fill=\"#BDBDBD\" cx=\"2.1\" cy=\"47.3\" r=\"1.5\"\/>\n\t\t\t\t\t\t<circle fill=\"#BDBDBD\" cx=\"47.3\" cy=\"47.3\" r=\"1.5\"\/>\n\t\t\t\t\t\t<circle fill=\"#BDBDBD\" cx=\"92.5\" cy=\"47.3\" r=\"1.5\"\/>\n\t\t\t\t\t\t<circle fill=\"#BDBDBD\" cx=\"137.8\" cy=\"47.3\" r=\"1.5\"\/>\n\t\t\t\t\t\t<circle fill=\"#BDBDBD\" cx=\"2.1\" cy=\"93.2\" r=\"1.5\"\/>\n\t\t\t\t\t\t<circle fill=\"#BDBDBD\" cx=\"47.3\" cy=\"93.2\" r=\"1.5\"\/>\n\t\t\t\t\t\t<circle fill=\"#BDBDBD\" cx=\"92.5\" cy=\"93.2\" r=\"1.5\"\/>\n\t\t\t\t\t\t<circle fill=\"#BDBDBD\" cx=\"137.8\" cy=\"93.2\" r=\"1.5\"\/>\n\t\t\t\t\t\t<circle fill=\"#BDBDBD\" cx=\"2.1\" cy=\"137.5\" r=\"1.5\"\/>\n\t\t\t\t\t\t<circle fill=\"#BDBDBD\" cx=\"47.3\" cy=\"137.5\" r=\"1.5\"\/>\n\t\t\t\t\t\t<circle fill=\"#BDBDBD\" cx=\"92.5\" cy=\"137.5\" r=\"1.5\"\/>\n\t\t\t\t\t\t<circle fill=\"#BDBDBD\" cx=\"137.8\" cy=\"137.5\" r=\"1.5\"\/>\n\t\t\t\t\t<\/g>\n\t\t\t\t<\/svg>\t\t\t<\/span>\n\t\t\t\t\t\t\t\t\t\t\t<img loading=\"lazy\" decoding=\"async\" width=\"65\" height=\"65\" src=\"https:\/\/wlhealthcare.com\/wp-content\/uploads\/2018\/06\/venue-info-icon-3.jpg\" class=\"attachment-full size-full\" alt=\"d\" \/>\t\t\t\t\t\t<\/div>\n\t<div class=\"qodef-iwt-content\" >\n\t\t\t\t\t<h4 class=\"qodef-iwt-title\" >\n\t\t\t\t\t\t\t\t<span class=\"qodef-iwt-title-text\">Un espacio para debatir.<\/span>\n\t\t\t\t\t\t\t<\/h4>\n\t\t\t\t\t\t\t<p class=\"qodef-iwt-text\" >C\u00d3MO es un lugar donde aprender que no importa el qu\u00e9 sino el C\u00d3MO a trav\u00e9s de charlas, debates, reuniones, encuentros, conferencias, exposiciones... encaja a la perfecci\u00f3n con nuestra filosof\u00eda de proyecto.<\/p>\n\t\t\t<\/div>\n<\/div>[vc_empty_space height=\u00bb50px\u00bb]\t\t<\/div>\n\t<\/div>\n\t<\/div><\/div>[\/vc_column_inner][\/vc_row_inner][\/vc_column][\/vc_row][vc_row][vc_column]<div class=\"qodef-elements-holder   qodef-two-columns  qodef-responsive-mode-768 \" ><div class=\"qodef-eh-item     \" data-item-class=\"qodef-eh-custom-9919\">\n\t\t<div class=\"qodef-eh-item-inner\">\n\t\t<div class=\"qodef-eh-item-content qodef-eh-custom-9919\" >\n\t\t\t\t\t<\/div>\n\t<\/div>\n\t\t\t<div class=\"qodef-eh-item-background\" style=\"background-image: url(https:\/\/wlhealthcare.com\/wp-content\/uploads\/2024\/07\/ELCOMO008.jpeg)\"><\/div>\t\n\t<\/div><div class=\"qodef-eh-item     \" data-item-class=\"qodef-eh-custom-9086\" data-1367-1600=\"147px 36% 153px 18%\" data-1025-1366=\"147px 33% 153px 18%\" data-769-1024=\"147px 19% 153px 18%\" data-681-768=\"147px 40% 153px 18%\" data-680=\"147px 12% 153px 12%\">\n\t\t<div class=\"qodef-eh-item-inner\">\n\t\t<div class=\"qodef-eh-item-content qodef-eh-custom-9086\" style=\"padding: 147px 49% 153px 18%\">\n\t\t\t<div class=\"qodef-section-title-holder  qodef-light-skin qodef-st-title-left qodef-st-normal-space qodef-st-with-animation\" >\n\t<div class=\"qodef-st-inner\">\n\t\t\t\t\t<span class=\"qodef-st-tagline\" >\n\t\t\t\tEspacio C\u00d3MO94\t\t\t<\/span>\n\t\t\t\t\t\t\t<div class=\"qodef-st-title-wrapper\">\n\t\t\t\t<h2 class=\"qodef-st-title\" >\n\t\t\t\t\tEN PLENO CORAZ\u00d3N DE MADRID SITUADO EN LA CASTELLANA\t\t\t\t<\/h2>\n\t\t\t<\/div>\n\t\t\t\t\t\t\t<div class=\"qodef-st-text-wrapper\">\n\t\t\t\t<p class=\"qodef-st-text\" style=\"margin-top: 22px\">\n\t\t\t\t\tC\u00d3MO es un lugar donde aprender que no importa el qu\u00e9 sino el C\u00d3MO a trav\u00e9s de charlas, debates, reuniones, juegos, encuentros, cine, espect\u00e1culos, conferencias, exposiciones... C\/Castellana 94 MAdrid.\t\t\t\t<\/p>\n\t\t\t<\/div>\n\t\t\t<\/div>\n<\/div>[vc_empty_space height=\u00bb44px\u00bb]\t\t<\/div>\n\t<\/div>\n\t\t\t<div class=\"qodef-eh-item-background\" style=\"background-image: url(https:\/\/wlhealthcare.com\/wp-content\/uploads\/2018\/06\/main-home-img-2.jpg)\"><\/div>\t\n\t<\/div><\/div>[\/vc_column][\/vc_row][vc_row css=\u00bb.vc_custom_1720513678332{padding-top: 10px !important;padding-bottom: 10px !important;}\u00bb][vc_column]<div class=\"qodef-image-gallery qodef-grid-list qodef-grid-masonry-list qodef-disable-bottom-space  qodef-ig-masonry-type qodef-four-columns qodef-tiny-space  qodef-image-behavior-lightbox\">\n\t<div class=\"qodef-ig-inner qodef-outer-space qodef-masonry-list-wrapper\">\n\t\t<div class=\"qodef-masonry-grid-sizer\"><\/div>\n\t\t<div class=\"qodef-masonry-grid-gutter\"><\/div>\n\t\t\t\t\t\t\t\t<div class=\"qodef-ig-image qodef-item-space \">\n\t\t\t\t<div class=\"qodef-ig-image-inner\">\n\t\t\t\t\t\t\t\t\t\t\t<a itemprop=\"image\" class=\"qodef-ig-lightbox\" href=\"https:\/\/wlhealthcare.com\/wp-content\/uploads\/2024\/07\/ELCOMO001.jpeg\" data-rel=\"prettyPhoto[image_gallery_pretty_photo-378]\" title=\"ELCOMO001\">\n\t\t\t\t\t\t\t\t\t\t\t<img loading=\"lazy\" decoding=\"async\" width=\"950\" height=\"537\" src=\"https:\/\/wlhealthcare.com\/wp-content\/uploads\/2024\/07\/ELCOMO001.jpeg\" class=\"attachment-full size-full\" alt=\"\" srcset=\"https:\/\/wlhealthcare.com\/wp-content\/uploads\/2024\/07\/ELCOMO001.jpeg 950w, https:\/\/wlhealthcare.com\/wp-content\/uploads\/2024\/07\/ELCOMO001-300x170.jpeg 300w, https:\/\/wlhealthcare.com\/wp-content\/uploads\/2024\/07\/ELCOMO001-768x434.jpeg 768w\" sizes=\"auto, (max-width: 950px) 100vw, 950px\" \/>\t\t\t\t\t\t\t\t\t\t\t<\/a>\n\t\t\t\t\t\t\t\t\t<\/div>\n\t\t\t<\/div>\n\t\t\t\t\t\t\t\t<div class=\"qodef-ig-image qodef-item-space \">\n\t\t\t\t<div class=\"qodef-ig-image-inner\">\n\t\t\t\t\t\t\t\t\t\t\t<a itemprop=\"image\" class=\"qodef-ig-lightbox\" href=\"https:\/\/wlhealthcare.com\/wp-content\/uploads\/2024\/07\/ELCOMO008.jpeg\" data-rel=\"prettyPhoto[image_gallery_pretty_photo-378]\" title=\"ELCOMO008\">\n\t\t\t\t\t\t\t\t\t\t\t<img loading=\"lazy\" decoding=\"async\" width=\"950\" height=\"633\" src=\"https:\/\/wlhealthcare.com\/wp-content\/uploads\/2024\/07\/ELCOMO008.jpeg\" class=\"attachment-full size-full\" alt=\"\" srcset=\"https:\/\/wlhealthcare.com\/wp-content\/uploads\/2024\/07\/ELCOMO008.jpeg 950w, https:\/\/wlhealthcare.com\/wp-content\/uploads\/2024\/07\/ELCOMO008-300x200.jpeg 300w, https:\/\/wlhealthcare.com\/wp-content\/uploads\/2024\/07\/ELCOMO008-768x512.jpeg 768w\" sizes=\"auto, (max-width: 950px) 100vw, 950px\" \/>\t\t\t\t\t\t\t\t\t\t\t<\/a>\n\t\t\t\t\t\t\t\t\t<\/div>\n\t\t\t<\/div>\n\t\t\t\t\t\t\t\t<div class=\"qodef-ig-image qodef-item-space \">\n\t\t\t\t<div class=\"qodef-ig-image-inner\">\n\t\t\t\t\t\t\t\t\t\t\t<a itemprop=\"image\" class=\"qodef-ig-lightbox\" href=\"https:\/\/wlhealthcare.com\/wp-content\/uploads\/2024\/07\/ELCOMO004.jpeg\" data-rel=\"prettyPhoto[image_gallery_pretty_photo-378]\" title=\"ELCOMO004\">\n\t\t\t\t\t\t\t\t\t\t\t<img loading=\"lazy\" decoding=\"async\" width=\"950\" height=\"654\" src=\"https:\/\/wlhealthcare.com\/wp-content\/uploads\/2024\/07\/ELCOMO004.jpeg\" class=\"attachment-full size-full\" alt=\"\" srcset=\"https:\/\/wlhealthcare.com\/wp-content\/uploads\/2024\/07\/ELCOMO004.jpeg 950w, https:\/\/wlhealthcare.com\/wp-content\/uploads\/2024\/07\/ELCOMO004-300x207.jpeg 300w, https:\/\/wlhealthcare.com\/wp-content\/uploads\/2024\/07\/ELCOMO004-768x529.jpeg 768w\" sizes=\"auto, (max-width: 950px) 100vw, 950px\" \/>\t\t\t\t\t\t\t\t\t\t\t<\/a>\n\t\t\t\t\t\t\t\t\t<\/div>\n\t\t\t<\/div>\n\t\t\t\t\t\t\t\t<div class=\"qodef-ig-image qodef-item-space \">\n\t\t\t\t<div class=\"qodef-ig-image-inner\">\n\t\t\t\t\t\t\t\t\t\t\t<a itemprop=\"image\" class=\"qodef-ig-lightbox\" href=\"https:\/\/wlhealthcare.com\/wp-content\/uploads\/2024\/07\/ELCOMO010.jpeg\" data-rel=\"prettyPhoto[image_gallery_pretty_photo-378]\" title=\"ELCOMO010\">\n\t\t\t\t\t\t\t\t\t\t\t<img loading=\"lazy\" decoding=\"async\" width=\"950\" height=\"633\" src=\"https:\/\/wlhealthcare.com\/wp-content\/uploads\/2024\/07\/ELCOMO010.jpeg\" class=\"attachment-full size-full\" alt=\"\" srcset=\"https:\/\/wlhealthcare.com\/wp-content\/uploads\/2024\/07\/ELCOMO010.jpeg 950w, https:\/\/wlhealthcare.com\/wp-content\/uploads\/2024\/07\/ELCOMO010-300x200.jpeg 300w, https:\/\/wlhealthcare.com\/wp-content\/uploads\/2024\/07\/ELCOMO010-768x512.jpeg 768w\" sizes=\"auto, (max-width: 950px) 100vw, 950px\" \/>\t\t\t\t\t\t\t\t\t\t\t<\/a>\n\t\t\t\t\t\t\t\t\t<\/div>\n\t\t\t<\/div>\n\t\t\t\t\t\t\t\t<div class=\"qodef-ig-image qodef-item-space \">\n\t\t\t\t<div class=\"qodef-ig-image-inner\">\n\t\t\t\t\t\t\t\t\t\t\t<a itemprop=\"image\" class=\"qodef-ig-lightbox\" href=\"https:\/\/wlhealthcare.com\/wp-content\/uploads\/2024\/07\/Captura-de-pantalla-2024-07-07-a-las-21.27.41.png\" data-rel=\"prettyPhoto[image_gallery_pretty_photo-378]\" title=\"Captura de pantalla 2024-07-07 a las 21.27.41\">\n\t\t\t\t\t\t\t\t\t\t\t<img loading=\"lazy\" decoding=\"async\" width=\"440\" height=\"318\" src=\"https:\/\/wlhealthcare.com\/wp-content\/uploads\/2024\/07\/Captura-de-pantalla-2024-07-07-a-las-21.27.41.png\" class=\"attachment-full size-full\" alt=\"\" srcset=\"https:\/\/wlhealthcare.com\/wp-content\/uploads\/2024\/07\/Captura-de-pantalla-2024-07-07-a-las-21.27.41.png 440w, https:\/\/wlhealthcare.com\/wp-content\/uploads\/2024\/07\/Captura-de-pantalla-2024-07-07-a-las-21.27.41-300x217.png 300w\" sizes=\"auto, (max-width: 440px) 100vw, 440px\" \/>\t\t\t\t\t\t\t\t\t\t\t<\/a>\n\t\t\t\t\t\t\t\t\t<\/div>\n\t\t\t<\/div>\n\t\t\t<\/div>\n<\/div>[\/vc_column][\/vc_row][vc_row][vc_column][vc_raw_html]JTNDaWZyYW1lJTIwc3JjJTNEJTIyaHR0cHMlM0ElMkYlMkZ3d3cuZ29vZ2xlLmNvbSUyRm1hcHMlMkZlbWJlZCUzRnBiJTNEJTIxMW0xOCUyMTFtMTIlMjExbTMlMjExZDMwMzYuMTUwMTM2ODAxNDUxJTIxMmQtMy42NzEyOTMwMjQ0NDU2OTIlMjEzZDQwLjQ0OTgxMzg3MTQzNDI0NSUyMTJtMyUyMTFmMCUyMTJmMCUyMTNmMCUyMTNtMiUyMTFpMTAyNCUyMTJpNzY4JTIxNGYxMy4xJTIxM20zJTIxMW0yJTIxMXMweGQ0MjI4ZDZjYTZjNmVmOSUyNTNBMHg3OWI4MzgzN2ZjZjFmY2ViJTIxMnpROE96Ylc4JTIxNWUwJTIxM20yJTIxMXNlcyUyMTJzZXMlMjE0djE3MjA0NzQ2Njk1MzklMjE1bTIlMjExc2VzJTIxMnNlcyUyMiUyMHdpZHRoJTNEJTIyMTAwJTI1JTIyJTIwaGVpZ2h0JTNEJTIyNDUwJTIyJTIwc3R5bGUlM0QlMjJib3JkZXIlM0EwJTNCJTIyJTIwYWxsb3dmdWxsc2NyZWVuJTNEJTIyJTIyJTIwbG9hZGluZyUzRCUyMmxhenklMjIlMjByZWZlcnJlcnBvbGljeSUzRCUyMm5vLXJlZmVycmVyLXdoZW4tZG93bmdyYWRlJTIyJTNFJTNDJTJGaWZyYW1lJTNF[\/vc_raw_html]<div class=\"qodef-google-map-holder\">\n\t<div class=\"qodef-google-map\" id=\"qodef-map-1718644\" data-addresses='[\"calle Castellana 94 madrid\"]' data-custom-map-style=no data-color-overlay=#393939 data-saturation=-100 data-lightness=-60 data-zoom=12 data-pin=https:\/\/wlhealthcare.com\/wp-content\/uploads\/2018\/06\/map-pin.png data-unique-id=1718644 data-scroll-wheel=yes data-height=550px ><\/div>\n\t\t<\/div>\n[\/vc_column][\/vc_row]<\/p>\n<\/div>","protected":false},"excerpt":{"rendered":"<p>[vc_row][vc_column offset=\u00bbvc_col-sm-offset-0&#8243;][vc_row_inner row_content_width=\u00bbgrid\u00bb css=\u00bb.vc_custom_1530192302769{padding-top: 120px !important;padding-bottom: 61px !important;}\u00bb][vc_column_inner width=\u00bb2\/3&#8243; offset=\u00bbvc_col-lg-offset-0 vc_col-lg-4 vc_col-md-offset-0 vc_col-md-4 vc_col-sm-offset-2 vc_col-xs-12&#8243;][\/vc_column_inner][vc_column_inner width=\u00bb2\/3&#8243; offset=\u00bbvc_col-lg-offset-0 vc_col-lg-4 vc_col-md-offset-0 vc_col-md-4 vc_col-sm-offset-2 vc_col-xs-12&#8243;][\/vc_column_inner][vc_column_inner width=\u00bb2\/3&#8243; offset=\u00bbvc_col-lg-offset-0 vc_col-lg-4 vc_col-md-offset-0 vc_col-md-4 vc_col-sm-offset-2 vc_col-xs-12&#8243;][\/vc_column_inner][\/vc_row_inner][\/vc_column][\/vc_row][vc_row][vc_column][\/vc_column][\/vc_row][vc_row css=\u00bb.vc_custom_1720513678332{padding-top: 10px !important;padding-bottom: 10px !important;}\u00bb][vc_column][\/vc_column][\/vc_row][vc_row][vc_column][vc_raw_html]JTNDaWZyYW1lJTIwc3JjJTNEJTIyaHR0cHMlM0ElMkYlMkZ3d3cuZ29vZ2xlLmNvbSUyRm1hcHMlMkZlbWJlZCUzRnBiJTNEJTIxMW0xOCUyMTFtMTIlMjExbTMlMjExZDMwMzYuMTUwMTM2ODAxNDUxJTIxMmQtMy42NzEyOTMwMjQ0NDU2OTIlMjEzZDQwLjQ0OTgxMzg3MTQzNDI0NSUyMTJtMyUyMTFmMCUyMTJmMCUyMTNmMCUyMTNtMiUyMTFpMTAyNCUyMTJpNzY4JTIxNGYxMy4xJTIxM20zJTIxMW0yJTIxMXMweGQ0MjI4ZDZjYTZjNmVmOSUyNTNBMHg3OWI4MzgzN2ZjZjFmY2ViJTIxMnpROE96Ylc4JTIxNWUwJTIxM20yJTIxMXNlcyUyMTJzZXMlMjE0djE3MjA0NzQ2Njk1MzklMjE1bTIlMjExc2VzJTIxMnNlcyUyMiUyMHdpZHRoJTNEJTIyMTAwJTI1JTIyJTIwaGVpZ2h0JTNEJTIyNDUwJTIyJTIwc3R5bGUlM0QlMjJib3JkZXIlM0EwJTNCJTIyJTIwYWxsb3dmdWxsc2NyZWVuJTNEJTIyJTIyJTIwbG9hZGluZyUzRCUyMmxhenklMjIlMjByZWZlcnJlcnBvbGljeSUzRCUyMm5vLXJlZmVycmVyLXdoZW4tZG93bmdyYWRlJTIyJTNFJTNDJTJGaWZyYW1lJTNF[\/vc_raw_html][\/vc_column][\/vc_row]<\/p>\n","protected":false},"author":1,"featured_media":0,"parent":0,"menu_order":0,"comment_status":"closed","ping_status":"closed","template":"full-width.php","meta":{"footnotes":""},"class_list":["post-392","page","type-page","status-publish","hentry"],"_links":{"self":[{"href":"https:\/\/wlhealthcare.com\/index.php?rest_route=\/wp\/v2\/pages\/392","targetHints":{"allow":["GET"]}}],"collection":[{"href":"https:\/\/wlhealthcare.com\/index.php?rest_route=\/wp\/v2\/pages"}],"about":[{"href":"https:\/\/wlhealthcare.com\/index.php?rest_route=\/wp\/v2\/types\/page"}],"author":[{"embeddable":true,"href":"https:\/\/wlhealthcare.com\/index.php?rest_route=\/wp\/v2\/users\/1"}],"replies":[{"embeddable":true,"href":"https:\/\/wlhealthcare.com\/index.php?rest_route=%2Fwp%2Fv2%2Fcomments&post=392"}],"version-history":[{"count":18,"href":"https:\/\/wlhealthcare.com\/index.php?rest_route=\/wp\/v2\/pages\/392\/revisions"}],"predecessor-version":[{"id":3794,"href":"https:\/\/wlhealthcare.com\/index.php?rest_route=\/wp\/v2\/pages\/392\/revisions\/3794"}],"wp:attachment":[{"href":"https:\/\/wlhealthcare.com\/index.php?rest_route=%2Fwp%2Fv2%2Fmedia&parent=392"}],"curies":[{"name":"wp","href":"https:\/\/api.w.org\/{rel}","templated":true}]}}